{"id":131,"date":"2020-11-19T12:50:27","date_gmt":"2020-11-19T12:50:27","guid":{"rendered":"http:\/\/www.burmak.org\/?page_id=131"},"modified":"2023-09-14T11:44:10","modified_gmt":"2023-09-14T11:44:10","slug":"hakkimizda","status":"publish","type":"page","link":"http:\/\/www.burmak.org\/index.php\/hakkimizda\/","title":{"rendered":"Hakk\u0131m\u0131zda"},"content":{"rendered":"\t\t<div data-elementor-type=\"wp-page\" data-elementor-id=\"131\" class=\"elementor elementor-131\" data-elementor-settings=\"[]\">\n\t\t\t<div class=\"elementor-inner\">\n\t\t\t\t<div class=\"elementor-section-wrap\">\n\t\t\t\t\t\t\t<section class=\"elementor-element elementor-element-e28d553 elementor-section-boxed elementor-section-height-default elementor-section-height-default elementor-section elementor-top-section\" data-id=\"e28d553\" data-element_type=\"section\" data-settings=\"{&quot;background_background&quot;:&quot;classic&quot;}\">\n\t\t\t\t\t\t<div class=\"elementor-container elementor-column-gap-default\">\n\t\t\t\t<div class=\"elementor-row\">\n\t\t\t\t<div class=\"elementor-element elementor-element-ad8d1a7 elementor-column elementor-col-50 elementor-top-column\" data-id=\"ad8d1a7\" data-element_type=\"column\">\n\t\t\t<div class=\"elementor-column-wrap  elementor-element-populated\">\n\t\t\t\t\t<div class=\"elementor-widget-wrap\">\n\t\t\t\t<div class=\"elementor-element elementor-element-59654c2 elementor-widget elementor-widget-theme-site-logo elementor-widget-image\" data-id=\"59654c2\" data-element_type=\"widget\" data-widget_type=\"theme-site-logo.default\">\n\t\t\t\t<div class=\"elementor-widget-container\">\n\t\t\t\t\t<div class=\"elementor-image\">\n\t\t\t\t\t\t\t\t\t\t\t<a href=\"http:\/\/www.burmak.org\">\n\t\t\t\t\t\t\t<img width=\"300\" height=\"98\" src=\"http:\/\/www.burmak.org\/wp-content\/uploads\/2020\/11\/cropped-logo.fw_-1-300x98.png\" class=\"attachment-medium size-medium\" alt=\"\" loading=\"lazy\" srcset=\"http:\/\/www.burmak.org\/wp-content\/uploads\/2020\/11\/cropped-logo.fw_-1-300x98.png 300w, http:\/\/www.burmak.org\/wp-content\/uploads\/2020\/11\/cropped-logo.fw_-1.png 545w\" sizes=\"(max-width: 300px) 100vw, 300px\" \/>\t\t\t\t\t\t\t\t<\/a>\n\t\t\t\t\t\t\t\t\t\t\t<\/div>\n\t\t\t\t<\/div>\n\t\t\t\t<\/div>\n\t\t\t\t\t\t<\/div>\n\t\t\t<\/div>\n\t\t<\/div>\n\t\t\t\t<div class=\"elementor-element elementor-element-6880313 elementor-column elementor-col-50 elementor-top-column\" data-id=\"6880313\" data-element_type=\"column\">\n\t\t\t<div class=\"elementor-column-wrap  elementor-element-populated\">\n\t\t\t\t\t<div class=\"elementor-widget-wrap\">\n\t\t\t\t<div class=\"elementor-element elementor-element-a844253 elementor-widget elementor-widget-image\" data-id=\"a844253\" data-element_type=\"widget\" data-widget_type=\"image.default\">\n\t\t\t\t<div class=\"elementor-widget-container\">\n\t\t\t\t\t<div class=\"elementor-image\">\n\t\t\t\t\t\t\t\t\t\t<img width=\"505\" height=\"74\" src=\"http:\/\/www.burmak.org\/wp-content\/uploads\/2020\/11\/telefon.fw_.png\" class=\"attachment-large size-large\" alt=\"\" loading=\"lazy\" srcset=\"http:\/\/www.burmak.org\/wp-content\/uploads\/2020\/11\/telefon.fw_.png 505w, http:\/\/www.burmak.org\/wp-content\/uploads\/2020\/11\/telefon.fw_-300x44.png 300w\" sizes=\"(max-width: 505px) 100vw, 505px\" \/>\t\t\t\t\t\t\t\t\t\t\t<\/div>\n\t\t\t\t<\/div>\n\t\t\t\t<\/div>\n\t\t\t\t\t\t<\/div>\n\t\t\t<\/div>\n\t\t<\/div>\n\t\t\t\t\t\t<\/div>\n\t\t\t<\/div>\n\t\t<\/section>\n\t\t\t\t<section class=\"elementor-element elementor-element-3362f37 elementor-section-boxed elementor-section-height-default elementor-section-height-default elementor-section elementor-top-section\" data-id=\"3362f37\" data-element_type=\"section\" data-settings=\"{&quot;background_background&quot;:&quot;classic&quot;}\">\n\t\t\t\t\t\t<div class=\"elementor-container elementor-column-gap-default\">\n\t\t\t\t<div class=\"elementor-row\">\n\t\t\t\t<div class=\"elementor-element elementor-element-5cbc629 elementor-column elementor-col-100 elementor-top-column\" data-id=\"5cbc629\" data-element_type=\"column\">\n\t\t\t<div class=\"elementor-column-wrap  elementor-element-populated\">\n\t\t\t\t\t<div class=\"elementor-widget-wrap\">\n\t\t\t\t<div class=\"elementor-element elementor-element-602ce41 elementor--h-position-center elementor--v-position-middle elementor-arrows-position-inside elementor-pagination-position-inside elementor-widget elementor-widget-slides\" data-id=\"602ce41\" data-element_type=\"widget\" data-settings=\"{&quot;navigation&quot;:&quot;both&quot;,&quot;autoplay&quot;:&quot;yes&quot;,&quot;pause_on_hover&quot;:&quot;yes&quot;,&quot;pause_on_interaction&quot;:&quot;yes&quot;,&quot;autoplay_speed&quot;:5000,&quot;infinite&quot;:&quot;yes&quot;,&quot;transition&quot;:&quot;slide&quot;,&quot;transition_speed&quot;:500}\" data-widget_type=\"slides.default\">\n\t\t\t\t<div class=\"elementor-widget-container\">\n\t\t\t\t\t<div class=\"elementor-swiper\">\n\t\t\t<div class=\"elementor-slides-wrapper elementor-main-swiper swiper-container\" dir=\"ltr\" data-animation=\"fadeInUp\">\n\t\t\t\t<div class=\"swiper-wrapper elementor-slides\">\n\t\t\t\t\t<div class=\"elementor-repeater-item-96c4efd swiper-slide\"><div class=\"swiper-slide-bg\"><\/div><div class=\"swiper-slide-inner\" ><div class=\"swiper-slide-contents\"><\/div><\/div><\/div><div class=\"elementor-repeater-item-3b779b9 swiper-slide\"><div class=\"swiper-slide-bg\"><\/div><div class=\"swiper-slide-inner\" ><div class=\"swiper-slide-contents\"><\/div><\/div><\/div><div class=\"elementor-repeater-item-ca919a0 swiper-slide\"><div class=\"swiper-slide-bg\"><\/div><div class=\"swiper-slide-inner\" ><div class=\"swiper-slide-contents\"><\/div><\/div><\/div><div class=\"elementor-repeater-item-2fe4cf3 swiper-slide\"><div class=\"swiper-slide-bg\"><\/div><div class=\"swiper-slide-inner\" ><div class=\"swiper-slide-contents\"><\/div><\/div><\/div>\t\t\t\t<\/div>\n\t\t\t\t\t\t\t\t\t\t\t\t\t\t\t<div class=\"swiper-pagination\"><\/div>\n\t\t\t\t\t\t\t\t\t\t\t\t\t\t\t\t<div class=\"elementor-swiper-button elementor-swiper-button-prev\">\n\t\t\t\t\t\t\t<i class=\"eicon-chevron-left\" aria-hidden=\"true\"><\/i>\n\t\t\t\t\t\t\t<span class=\"elementor-screen-only\">Previous<\/span>\n\t\t\t\t\t\t<\/div>\n\t\t\t\t\t\t<div class=\"elementor-swiper-button elementor-swiper-button-next\">\n\t\t\t\t\t\t\t<i class=\"eicon-chevron-right\" aria-hidden=\"true\"><\/i>\n\t\t\t\t\t\t\t<span class=\"elementor-screen-only\">Next<\/span>\n\t\t\t\t\t\t<\/div>\n\t\t\t\t\t\t\t\t\t\t\t\t<\/div>\n\t\t<\/div>\n\t\t\t\t<\/div>\n\t\t\t\t<\/div>\n\t\t\t\t\t\t<\/div>\n\t\t\t<\/div>\n\t\t<\/div>\n\t\t\t\t\t\t<\/div>\n\t\t\t<\/div>\n\t\t<\/section>\n\t\t\t\t<section class=\"elementor-element elementor-element-db6797c elementor-section-boxed elementor-section-height-default elementor-section-height-default elementor-section elementor-top-section\" data-id=\"db6797c\" data-element_type=\"section\" data-settings=\"{&quot;background_background&quot;:&quot;classic&quot;}\">\n\t\t\t\t\t\t<div class=\"elementor-container elementor-column-gap-default\">\n\t\t\t\t<div class=\"elementor-row\">\n\t\t\t\t<div class=\"elementor-element elementor-element-04aa417 elementor-column elementor-col-100 elementor-top-column\" data-id=\"04aa417\" data-element_type=\"column\">\n\t\t\t<div class=\"elementor-column-wrap  elementor-element-populated\">\n\t\t\t\t\t<div class=\"elementor-widget-wrap\">\n\t\t\t\t<div class=\"elementor-element elementor-element-8bc2c4a elementor-widget elementor-widget-text-editor\" data-id=\"8bc2c4a\" data-element_type=\"widget\" data-widget_type=\"text-editor.default\">\n\t\t\t\t<div class=\"elementor-widget-container\">\n\t\t\t\t\t<div class=\"elementor-text-editor elementor-clearfix\"><p>\u00a0 \u00a0 \u00a0Burmak makine imalat\u0131-tasar\u0131m dan\u0131\u015fmanl\u0131\u011f\u0131 ve tala\u015fl\u0131 imalat sekt\u00f6r\u00fcnde 1999 y\u0131l\u0131ndan bu yana faaliyet g\u00f6stermekteyiz.<\/p><p>\u00a0 \u00a0 \u00a0Kurucumuz Hasan SAKARYA&#8217;n\u0131n 50 y\u0131ll\u0131k tecr\u00fcbe ve bilgi birikimi ile sanayinin y\u00fczlerce faaliyet alan\u0131nda hizmet vermi\u015f ve bir \u00e7ok usta ve \u00f6\u011frenci yeti\u015ftirerek i\u015f yeri kurmas\u0131na vesile olmu\u015f Hasan SAKARYA i\u015fletmesini Burak SAKARYA&#8217;ya b\u0131rakt\u0131\u011f\u0131 Burmak Makine yine ayn\u0131 kalite ve \u00f6zg\u00fcvenle 24 y\u0131ld\u0131r hizmetini s\u00fcrd\u00fcrmektedir.<\/p><p>\u00a0 \u00a0 \u00a0Yeni i\u015fletmeler, ustalar ve \u00f6\u011frenciler yeti\u015ftirmekte ve hizmette kalitede devaml\u0131l\u0131\u011f\u0131n\u0131 s\u00fcrd\u00fcrmekte kararl\u0131\u011f\u0131n\u0131 bozmayan firmam\u0131z lider konumundaki bir \u00e7ok firman\u0131n da tedarik zincirinde bulunmaktad\u0131r.<\/p><p>\u00a0 \u00a0 \u00a0Uzman personelimiz ve hassas makine parkurumuzla daima g\u00fcven veren bir firma olmak i\u00e7in s\u00fcrekli \u00e7al\u0131\u015fmaktay\u0131z.<\/p><\/div>\n\t\t\t\t<\/div>\n\t\t\t\t<\/div>\n\t\t\t\t\t\t<\/div>\n\t\t\t<\/div>\n\t\t<\/div>\n\t\t\t\t\t\t<\/div>\n\t\t\t<\/div>\n\t\t<\/section>\n\t\t\t\t<section class=\"elementor-element elementor-element-39c5477 elementor-section-boxed elementor-section-height-default elementor-section-height-default elementor-section elementor-top-section\" data-id=\"39c5477\" data-element_type=\"section\" data-settings=\"{&quot;background_background&quot;:&quot;classic&quot;,&quot;background_motion_fx_motion_fx_scrolling&quot;:&quot;yes&quot;,&quot;background_motion_fx_devices&quot;:[&quot;desktop&quot;,&quot;tablet&quot;,&quot;mobile&quot;]}\">\n\t\t\t\t\t\t<div class=\"elementor-container elementor-column-gap-no\">\n\t\t\t\t<div class=\"elementor-row\">\n\t\t\t\t<div class=\"elementor-element elementor-element-1524b2e elementor-column elementor-col-100 elementor-top-column\" data-id=\"1524b2e\" data-element_type=\"column\">\n\t\t\t<div class=\"elementor-column-wrap  elementor-element-populated\">\n\t\t\t\t\t<div class=\"elementor-widget-wrap\">\n\t\t\t\t<div class=\"elementor-element elementor-element-4e2e52c elementor-widget elementor-widget-heading\" data-id=\"4e2e52c\" data-element_type=\"widget\" data-widget_type=\"heading.default\">\n\t\t\t\t<div class=\"elementor-widget-container\">\n\t\t\t<h5 class=\"elementor-heading-title elementor-size-default\">www.burmak.org<\/h5>\t\t<\/div>\n\t\t\t\t<\/div>\n\t\t\t\t\t\t<\/div>\n\t\t\t<\/div>\n\t\t<\/div>\n\t\t\t\t\t\t<\/div>\n\t\t\t<\/div>\n\t\t<\/section>\n\t\t\t\t\t\t<\/div>\n\t\t\t<\/div>\n\t\t<\/div>\n\t\t","protected":false},"excerpt":{"rendered":"<p>Previous Next \u00a0 \u00a0 \u00a0Burmak makine imalat\u0131-tasar\u0131m dan\u0131\u015fmanl\u0131\u011f\u0131 ve tala\u015fl\u0131 imalat sekt\u00f6r\u00fcnde 1999 y\u0131l\u0131ndan bu yana faaliyet g\u00f6stermekteyiz. \u00a0 \u00a0 \u00a0Kurucumuz Hasan SAKARYA&#8217;n\u0131n 50 y\u0131ll\u0131k tecr\u00fcbe ve bilgi birikimi ile sanayinin y\u00fczlerce faaliyet alan\u0131nda hizmet vermi\u015f ve bir \u00e7ok usta ve \u00f6\u011frenci yeti\u015ftirerek i\u015f yeri kurmas\u0131na vesile olmu\u015f Hasan SAKARYA i\u015fletmesini Burak SAKARYA&#8217;ya b\u0131rakt\u0131\u011f\u0131 Burmak [&hellip;]<\/p>\n","protected":false},"author":1,"featured_media":0,"parent":0,"menu_order":0,"comment_status":"closed","ping_status":"closed","template":"elementor_canvas","meta":[],"yoast_head":"<!-- This site is optimized with the Yoast SEO plugin v15.3 - https:\/\/yoast.com\/wordpress\/plugins\/seo\/ -->\n<title>Hakk\u0131m\u0131zda - Bur-Mak<\/title>\n<meta name=\"robots\" content=\"index, follow, max-snippet:-1, max-image-preview:large, max-video-preview:-1\" \/>\n<link rel=\"canonical\" href=\"http:\/\/www.burmak.org\/index.php\/hakkimizda\/\" \/>\n<meta property=\"og:locale\" content=\"tr_TR\" \/>\n<meta property=\"og:type\" content=\"article\" \/>\n<meta property=\"og:title\" content=\"Hakk\u0131m\u0131zda - Bur-Mak\" \/>\n<meta property=\"og:description\" content=\"Previous Next \u00a0 \u00a0 \u00a0Burmak makine imalat\u0131-tasar\u0131m dan\u0131\u015fmanl\u0131\u011f\u0131 ve tala\u015fl\u0131 imalat sekt\u00f6r\u00fcnde 1999 y\u0131l\u0131ndan bu yana faaliyet g\u00f6stermekteyiz. \u00a0 \u00a0 \u00a0Kurucumuz Hasan SAKARYA&#8217;n\u0131n 50 y\u0131ll\u0131k tecr\u00fcbe ve bilgi birikimi ile sanayinin y\u00fczlerce faaliyet alan\u0131nda hizmet vermi\u015f ve bir \u00e7ok usta ve \u00f6\u011frenci yeti\u015ftirerek i\u015f yeri kurmas\u0131na vesile olmu\u015f Hasan SAKARYA i\u015fletmesini Burak SAKARYA&#8217;ya b\u0131rakt\u0131\u011f\u0131 Burmak [&hellip;]\" \/>\n<meta property=\"og:url\" content=\"http:\/\/www.burmak.org\/index.php\/hakkimizda\/\" \/>\n<meta property=\"og:site_name\" content=\"Bur-Mak\" \/>\n<meta property=\"article:modified_time\" content=\"2023-09-14T11:44:10+00:00\" \/>\n<meta property=\"og:image\" content=\"http:\/\/www.burmak.org\/wp-content\/uploads\/2020\/11\/telefon.fw_.png\" \/>\n<meta name=\"twitter:card\" content=\"summary_large_image\" \/>\n<meta name=\"twitter:label1\" content=\"Written by\">\n\t<meta name=\"twitter:data1\" content=\"admin\">\n\t<meta name=\"twitter:label2\" content=\"Tahmini okuma s\u00fcresi\">\n\t<meta name=\"twitter:data2\" content=\"1 dakika\">\n<script type=\"application\/ld+json\" class=\"yoast-schema-graph\">{\"@context\":\"https:\/\/schema.org\",\"@graph\":[{\"@type\":\"Organization\",\"@id\":\"http:\/\/www.burmak.org\/#organization\",\"name\":\"Burmak\",\"url\":\"http:\/\/www.burmak.org\/\",\"sameAs\":[],\"logo\":{\"@type\":\"ImageObject\",\"@id\":\"http:\/\/www.burmak.org\/#logo\",\"inLanguage\":\"tr\",\"url\":\"\",\"caption\":\"Burmak\"},\"image\":{\"@id\":\"http:\/\/www.burmak.org\/#logo\"}},{\"@type\":\"WebSite\",\"@id\":\"http:\/\/www.burmak.org\/#website\",\"url\":\"http:\/\/www.burmak.org\/\",\"name\":\"Bur-Mak\",\"description\":\"\",\"publisher\":{\"@id\":\"http:\/\/www.burmak.org\/#organization\"},\"potentialAction\":[{\"@type\":\"SearchAction\",\"target\":\"http:\/\/www.burmak.org\/?s={search_term_string}\",\"query-input\":\"required name=search_term_string\"}],\"inLanguage\":\"tr\"},{\"@type\":\"ImageObject\",\"@id\":\"http:\/\/www.burmak.org\/index.php\/hakkimizda\/#primaryimage\",\"inLanguage\":\"tr\",\"url\":\"http:\/\/www.burmak.org\/wp-content\/uploads\/2020\/11\/telefon.fw_.png\",\"width\":505,\"height\":74},{\"@type\":\"WebPage\",\"@id\":\"http:\/\/www.burmak.org\/index.php\/hakkimizda\/#webpage\",\"url\":\"http:\/\/www.burmak.org\/index.php\/hakkimizda\/\",\"name\":\"Hakk\\u0131m\\u0131zda - Bur-Mak\",\"isPartOf\":{\"@id\":\"http:\/\/www.burmak.org\/#website\"},\"primaryImageOfPage\":{\"@id\":\"http:\/\/www.burmak.org\/index.php\/hakkimizda\/#primaryimage\"},\"datePublished\":\"2020-11-19T12:50:27+00:00\",\"dateModified\":\"2023-09-14T11:44:10+00:00\",\"inLanguage\":\"tr\",\"potentialAction\":[{\"@type\":\"ReadAction\",\"target\":[\"http:\/\/www.burmak.org\/index.php\/hakkimizda\/\"]}]}]}<\/script>\n<!-- \/ Yoast SEO plugin. -->","_links":{"self":[{"href":"http:\/\/www.burmak.org\/index.php\/wp-json\/wp\/v2\/pages\/131"}],"collection":[{"href":"http:\/\/www.burmak.org\/index.php\/wp-json\/wp\/v2\/pages"}],"about":[{"href":"http:\/\/www.burmak.org\/index.php\/wp-json\/wp\/v2\/types\/page"}],"author":[{"embeddable":true,"href":"http:\/\/www.burmak.org\/index.php\/wp-json\/wp\/v2\/users\/1"}],"replies":[{"embeddable":true,"href":"http:\/\/www.burmak.org\/index.php\/wp-json\/wp\/v2\/comments?post=131"}],"version-history":[{"count":6,"href":"http:\/\/www.burmak.org\/index.php\/wp-json\/wp\/v2\/pages\/131\/revisions"}],"predecessor-version":[{"id":335,"href":"http:\/\/www.burmak.org\/index.php\/wp-json\/wp\/v2\/pages\/131\/revisions\/335"}],"wp:attachment":[{"href":"http:\/\/www.burmak.org\/index.php\/wp-json\/wp\/v2\/media?parent=131"}],"curies":[{"name":"wp","href":"https:\/\/api.w.org\/{rel}","templated":true}]}}